{"id":472,"date":"2022-08-04T19:54:25","date_gmt":"2022-08-04T19:54:25","guid":{"rendered":"https:\/\/pre.conjuntoshistoricoscaceres.com\/?page_id=472"},"modified":"2022-10-01T21:31:24","modified_gmt":"2022-10-01T19:31:24","slug":"coria","status":"publish","type":"page","link":"https:\/\/conjuntoshistoricoscaceres.com\/2026\/coria\/","title":{"rendered":"Coria"},"content":{"rendered":"\t\t<div data-elementor-type=\"wp-page\" data-elementor-id=\"472\" class=\"elementor elementor-472\" data-elementor-post-type=\"page\">\n\t\t\t\t\t\t<section class=\"elementor-section elementor-top-section elementor-element elementor-element-cd27b8d elementor-section-full_width elementor-section-height-default elementor-section-height-default\" data-id=\"cd27b8d\" data-element_type=\"section\" data-e-type=\"section\">\n\t\t\t\t\t\t<div class=\"elementor-container elementor-column-gap-no\">\n\t\t\t\t\t<div class=\"elementor-column elementor-col-100 elementor-top-column elementor-element elementor-element-3982d77\" data-id=\"3982d77\" data-element_type=\"column\" data-e-type=\"column\">\n\t\t\t<div class=\"elementor-widget-wrap elementor-element-populated\">\n\t\t\t\t\t\t<div class=\"elementor-element elementor-element-77db1d1 elementor-widget elementor-widget-image\" data-id=\"77db1d1\" data-element_type=\"widget\" data-e-type=\"widget\" data-widget_type=\"image.default\">\n\t\t\t\t<div class=\"elementor-widget-container\">\n\t\t\t\t\t\t\t\t\t\t\t\t\t\t\t<img fetchpriority=\"high\" decoding=\"async\" width=\"1024\" height=\"527\" src=\"https:\/\/conjuntoshistoricoscaceres.com\/2026\/wp-content\/uploads\/2022\/08\/cabeceras-actividades-coria-1024x527.jpg\" class=\"attachment-large size-large wp-image-312\" alt=\"coria\" srcset=\"https:\/\/conjuntoshistoricoscaceres.com\/2026\/wp-content\/uploads\/2022\/08\/cabeceras-actividades-coria-1024x527.jpg 1024w, https:\/\/conjuntoshistoricoscaceres.com\/2026\/wp-content\/uploads\/2022\/08\/cabeceras-actividades-coria-300x155.jpg 300w, https:\/\/conjuntoshistoricoscaceres.com\/2026\/wp-content\/uploads\/2022\/08\/cabeceras-actividades-coria-768x396.jpg 768w, https:\/\/conjuntoshistoricoscaceres.com\/2026\/wp-content\/uploads\/2022\/08\/cabeceras-actividades-coria-1536x791.jpg 1536w, https:\/\/conjuntoshistoricoscaceres.com\/2026\/wp-content\/uploads\/2022\/08\/cabeceras-actividades-coria.jpg 1897w\" sizes=\"(max-width: 1024px) 100vw, 1024px\" \/>\t\t\t\t\t\t\t\t\t\t\t\t\t\t\t<\/div>\n\t\t\t\t<\/div>\n\t\t\t\t\t<\/div>\n\t\t<\/div>\n\t\t\t\t\t<\/div>\n\t\t<\/section>\n\t\t\t\t<section class=\"elementor-section elementor-top-section elementor-element elementor-element-f46232a elementor-section-boxed elementor-section-height-default elementor-section-height-default\" data-id=\"f46232a\" data-element_type=\"section\" data-e-type=\"section\" data-settings=\"{&quot;background_background&quot;:&quot;classic&quot;}\">\n\t\t\t\t\t\t<div class=\"elementor-container elementor-column-gap-default\">\n\t\t\t\t\t<div class=\"elementor-column elementor-col-100 elementor-top-column elementor-element elementor-element-7cc7917\" data-id=\"7cc7917\" data-element_type=\"column\" data-e-type=\"column\">\n\t\t\t<div class=\"elementor-widget-wrap elementor-element-populated\">\n\t\t\t\t\t\t<div class=\"elementor-element elementor-element-e5f6f73 elementor-align-center elementor-widget elementor-widget-button\" data-id=\"e5f6f73\" data-element_type=\"widget\" data-e-type=\"widget\" data-settings=\"{&quot;motion_fx_motion_fx_mouse&quot;:&quot;yes&quot;,&quot;_animation_mobile&quot;:&quot;bounceIn&quot;}\" data-widget_type=\"button.default\">\n\t\t\t\t<div class=\"elementor-widget-container\">\n\t\t\t\t\t\t\t\t\t<div class=\"elementor-button-wrapper\">\n\t\t\t\t\t<a class=\"elementor-button elementor-size-lg\" role=\"button\">\n\t\t\t\t\t\t<span class=\"elementor-button-content-wrapper\">\n\t\t\t\t\t\t\t\t\t<span class=\"elementor-button-text\">ACTIVIDAD FINALIZADA<\/span>\n\t\t\t\t\t<\/span>\n\t\t\t\t\t<\/a>\n\t\t\t\t<\/div>\n\t\t\t\t\t\t\t\t<\/div>\n\t\t\t\t<\/div>\n\t\t\t\t\t<\/div>\n\t\t<\/div>\n\t\t\t\t\t<\/div>\n\t\t<\/section>\n\t\t\t\t<section class=\"elementor-section elementor-top-section elementor-element elementor-element-5bb3760d elementor-section-boxed elementor-section-height-default elementor-section-height-default\" data-id=\"5bb3760d\" data-element_type=\"section\" data-e-type=\"section\">\n\t\t\t\t\t\t<div class=\"elementor-container elementor-column-gap-default\">\n\t\t\t\t\t<div class=\"elementor-column elementor-col-100 elementor-top-column elementor-element elementor-element-4fa425a2\" data-id=\"4fa425a2\" data-element_type=\"column\" data-e-type=\"column\">\n\t\t\t<div class=\"elementor-widget-wrap elementor-element-populated\">\n\t\t\t\t\t\t<div class=\"elementor-element elementor-element-36dbe6ba elementor-widget elementor-widget-image\" data-id=\"36dbe6ba\" data-element_type=\"widget\" data-e-type=\"widget\" data-widget_type=\"image.default\">\n\t\t\t\t<div class=\"elementor-widget-container\">\n\t\t\t\t\t\t\t\t\t\t\t\t\t\t\t\t<a href=\"https:\/\/conjuntoshistoricoscaceres.com\/2026\/wp-content\/uploads\/2022\/08\/coria-12-1024x1024.jpg\">\n\t\t\t\t\t\t\t<img decoding=\"async\" width=\"1024\" height=\"1024\" src=\"https:\/\/conjuntoshistoricoscaceres.com\/2026\/wp-content\/uploads\/2022\/08\/coria-12-1024x1024.jpg\" class=\"attachment-large size-large wp-image-1357\" alt=\"coria\" srcset=\"https:\/\/conjuntoshistoricoscaceres.com\/2026\/wp-content\/uploads\/2022\/08\/coria-12-1024x1024.jpg 1024w, https:\/\/conjuntoshistoricoscaceres.com\/2026\/wp-content\/uploads\/2022\/08\/coria-12-300x300.jpg 300w, https:\/\/conjuntoshistoricoscaceres.com\/2026\/wp-content\/uploads\/2022\/08\/coria-12-150x150.jpg 150w, https:\/\/conjuntoshistoricoscaceres.com\/2026\/wp-content\/uploads\/2022\/08\/coria-12-768x768.jpg 768w, https:\/\/conjuntoshistoricoscaceres.com\/2026\/wp-content\/uploads\/2022\/08\/coria-12.jpg 1264w\" sizes=\"(max-width: 1024px) 100vw, 1024px\" \/>\t\t\t\t\t\t\t\t<\/a>\n\t\t\t\t\t\t\t\t\t\t\t\t\t\t\t<\/div>\n\t\t\t\t<\/div>\n\t\t\t\t<div class=\"elementor-element elementor-element-58cc2d4b elementor-widget elementor-widget-heading\" data-id=\"58cc2d4b\" data-element_type=\"widget\" data-e-type=\"widget\" data-widget_type=\"heading.default\">\n\t\t\t\t<div class=\"elementor-widget-container\">\n\t\t\t\t\t<h1 class=\"elementor-heading-title elementor-size-default\">CORIA<\/h1>\t\t\t\t<\/div>\n\t\t\t\t<\/div>\n\t\t\t\t<div class=\"elementor-element elementor-element-172378cf elementor-widget elementor-widget-heading\" data-id=\"172378cf\" data-element_type=\"widget\" data-e-type=\"widget\" data-widget_type=\"heading.default\">\n\t\t\t\t<div class=\"elementor-widget-container\">\n\t\t\t\t\t<h2 class=\"elementor-heading-title elementor-size-default\">Ad\u00e9ntrate, disfruta y descubre<\/h2>\t\t\t\t<\/div>\n\t\t\t\t<\/div>\n\t\t\t\t<section class=\"elementor-section elementor-inner-section elementor-element elementor-element-2617cf7 elementor-section-boxed elementor-section-height-default elementor-section-height-default\" data-id=\"2617cf7\" data-element_type=\"section\" data-e-type=\"section\">\n\t\t\t\t\t\t<div class=\"elementor-container elementor-column-gap-default\">\n\t\t\t\t\t<div class=\"elementor-column elementor-col-100 elementor-inner-column elementor-element elementor-element-3f0e769\" data-id=\"3f0e769\" data-element_type=\"column\" data-e-type=\"column\">\n\t\t\t<div class=\"elementor-widget-wrap elementor-element-populated\">\n\t\t\t\t\t\t<div class=\"elementor-element elementor-element-b5ec2b5 elementor-widget elementor-widget-heading\" data-id=\"b5ec2b5\" data-element_type=\"widget\" data-e-type=\"widget\" data-widget_type=\"heading.default\">\n\t\t\t\t<div class=\"elementor-widget-container\">\n\t\t\t\t\t<h3 class=\"elementor-heading-title elementor-size-default\">Visita guiada + Actividad nocturna teatralizada de leyendas y curiosidades<\/h3>\t\t\t\t<\/div>\n\t\t\t\t<\/div>\n\t\t\t\t\t<\/div>\n\t\t<\/div>\n\t\t\t\t\t<\/div>\n\t\t<\/section>\n\t\t\t\t<section class=\"elementor-section elementor-inner-section elementor-element elementor-element-197520ad elementor-section-boxed elementor-section-height-default elementor-section-height-default\" data-id=\"197520ad\" data-element_type=\"section\" data-e-type=\"section\">\n\t\t\t\t\t\t<div class=\"elementor-container elementor-column-gap-extended\">\n\t\t\t\t\t<div class=\"elementor-column elementor-col-50 elementor-inner-column elementor-element elementor-element-30b6bdcd\" data-id=\"30b6bdcd\" data-element_type=\"column\" data-e-type=\"column\">\n\t\t\t<div class=\"elementor-widget-wrap elementor-element-populated\">\n\t\t\t\t\t\t<div class=\"elementor-element elementor-element-43e057d0 elementor-widget elementor-widget-text-editor\" data-id=\"43e057d0\" data-element_type=\"widget\" data-e-type=\"widget\" data-widget_type=\"text-editor.default\">\n\t\t\t\t<div class=\"elementor-widget-container\">\n\t\t\t\t\t\t\t\t\t<strong>ACTIVIDAD <\/strong>\t\t\t\t\t\t\t\t<\/div>\n\t\t\t\t<\/div>\n\t\t\t\t<div class=\"elementor-element elementor-element-564d0e30 elementor-widget elementor-widget-text-editor\" data-id=\"564d0e30\" data-element_type=\"widget\" data-e-type=\"widget\" data-widget_type=\"text-editor.default\">\n\t\t\t\t<div class=\"elementor-widget-container\">\n\t\t\t\t\t\t\t\t\t<p><strong>Ad\u00e9ntrate, disfruta y descubre Coria <\/strong><\/p><p>Asistiremos a una actividad teatralizada de leyendas y curiosidades de Coria, donde descubriremos los secretos del pasado de la ciudad \u201cmuy noble y muy leal\u201d de Coria.<\/p><p>Esta actividad servir\u00e1 de introducci\u00f3n para conocer despu\u00e9s el Conjunto Hist\u00f3rico de Coria<\/p>\t\t\t\t\t\t\t\t<\/div>\n\t\t\t\t<\/div>\n\t\t\t\t<div class=\"elementor-element elementor-element-57c3c6f9 elementor-widget elementor-widget-text-editor\" data-id=\"57c3c6f9\" data-element_type=\"widget\" data-e-type=\"widget\" data-widget_type=\"text-editor.default\">\n\t\t\t\t<div class=\"elementor-widget-container\">\n\t\t\t\t\t\t\t\t\t<p><strong>INCLUYE<\/strong><br \/>Teatro de leyendas y curiosidades<\/p><p><strong>LOCALIDAD \/ LUGAR DE QUEDAD<\/strong><br \/>Plaza de San Pedro, junto a las letras de Coria.<\/p><p><strong>FECHA<\/strong><br \/>1 de octubre de 2022<\/p><p><strong>DURACI\u00d3N Y HORARIO<\/strong><br \/>1 hora<br \/>De 19,00 h a 20,00 h.<\/p>\t\t\t\t\t\t\t\t<\/div>\n\t\t\t\t<\/div>\n\t\t\t\t\t<\/div>\n\t\t<\/div>\n\t\t\t\t<div class=\"elementor-column elementor-col-50 elementor-inner-column elementor-element elementor-element-5b1ef760\" data-id=\"5b1ef760\" data-element_type=\"column\" data-e-type=\"column\">\n\t\t\t<div class=\"elementor-widget-wrap elementor-element-populated\">\n\t\t\t\t\t\t<div class=\"elementor-element elementor-element-3e688ba3 elementor-widget elementor-widget-text-editor\" data-id=\"3e688ba3\" data-element_type=\"widget\" data-e-type=\"widget\" data-widget_type=\"text-editor.default\">\n\t\t\t\t<div class=\"elementor-widget-container\">\n\t\t\t\t\t\t\t\t\t<strong>VISITA GUIADA <\/strong>\t\t\t\t\t\t\t\t<\/div>\n\t\t\t\t<\/div>\n\t\t\t\t<div class=\"elementor-element elementor-element-51e69196 elementor-widget elementor-widget-text-editor\" data-id=\"51e69196\" data-element_type=\"widget\" data-e-type=\"widget\" data-widget_type=\"text-editor.default\">\n\t\t\t\t<div class=\"elementor-widget-container\">\n\t\t\t\t\t\t\t\t\t<p>Nos adentraremos en Coria, una ciudad inveros\u00edmil, torva e inmovil, como un susto en medio de un camino, como dijo Ortega y Gasset.<\/p><p>Pasearemos por sus calles, como la calle de la Monja, que nos trasladar\u00e1 al pasado de la ciudad, recorreremos la ciudad observando La Muralla, levantada por los Romanos, el castillo mandado levantar por el Duque de Alba, la catedral dedicada a Santa Mar\u00eda de la Asunci\u00f3n y la antigua c\u00e1rcel, convertida actualmente en museo.<\/p>\t\t\t\t\t\t\t\t<\/div>\n\t\t\t\t<\/div>\n\t\t\t\t<div class=\"elementor-element elementor-element-4a0ee7eb elementor-widget elementor-widget-text-editor\" data-id=\"4a0ee7eb\" data-element_type=\"widget\" data-e-type=\"widget\" data-widget_type=\"text-editor.default\">\n\t\t\t\t<div class=\"elementor-widget-container\">\n\t\t\t\t\t\t\t\t\t<p><strong>INCLUYE<\/strong><br>Visita guiada por Coria con gu\u00eda tur\u00edstico titulado<\/p>\n<p><strong>LOCALIDAD \/ LUGAR DE QUEDADA<\/strong><br>Plaza de San Pedro, junto a las letras de Coria.<\/p>\n<p><strong>FECHA<\/strong><br>1 de octubre de 2022<\/p>\n<p><strong>DURACI\u00d3N Y HORARIO<\/strong><br>1 hora y 30 minutos. De 20,10 h a 21,45 h.<\/p>\n<p><strong>EMPRESA<\/strong><br>VIDA TOURS<\/p>\n<p><strong>SE RECOMIENDA<\/strong><br>\u25cf Calzado c\u00f3modo<br>\u25cf Ropa c\u00f3moda<br>\u25cf Protocolo Covid acorde a las normas sanitarias si fuese necesario<\/p>\t\t\t\t\t\t\t\t<\/div>\n\t\t\t\t<\/div>\n\t\t\t\t<div class=\"elementor-element elementor-element-cff2a3e elementor-widget-divider--view-line elementor-widget elementor-widget-divider\" data-id=\"cff2a3e\" data-element_type=\"widget\" data-e-type=\"widget\" data-widget_type=\"divider.default\">\n\t\t\t\t<div class=\"elementor-widget-container\">\n\t\t\t\t\t\t\t<div class=\"elementor-divider\">\n\t\t\t<span class=\"elementor-divider-separator\">\n\t\t\t\t\t\t<\/span>\n\t\t<\/div>\n\t\t\t\t\t\t<\/div>\n\t\t\t\t<\/div>\n\t\t\t\t<div class=\"elementor-element elementor-element-7d800c8c elementor-widget elementor-widget-text-editor\" data-id=\"7d800c8c\" data-element_type=\"widget\" data-e-type=\"widget\" data-widget_type=\"text-editor.default\">\n\t\t\t\t<div class=\"elementor-widget-container\">\n\t\t\t\t\t\t\t\t\t<p><strong>NOTA:<\/strong> Estos horarios son aproximados,\u00a0 al realizarse 2 actividades consecutivas, podr\u00e1n variar en funci\u00f3n del desarrollo de las mismas.\u00a0<\/p>\t\t\t\t\t\t\t\t<\/div>\n\t\t\t\t<\/div>\n\t\t\t\t<div class=\"elementor-element elementor-element-54dfafb7 elementor-widget-divider--view-line elementor-widget elementor-widget-divider\" data-id=\"54dfafb7\" data-element_type=\"widget\" data-e-type=\"widget\" data-widget_type=\"divider.default\">\n\t\t\t\t<div class=\"elementor-widget-container\">\n\t\t\t\t\t\t\t<div class=\"elementor-divider\">\n\t\t\t<span class=\"elementor-divider-separator\">\n\t\t\t\t\t\t<\/span>\n\t\t<\/div>\n\t\t\t\t\t\t<\/div>\n\t\t\t\t<\/div>\n\t\t\t\t\t<\/div>\n\t\t<\/div>\n\t\t\t\t\t<\/div>\n\t\t<\/section>\n\t\t\t\t<div class=\"elementor-element elementor-element-7d3c5b6f elementor-widget-divider--view-line elementor-widget elementor-widget-divider\" data-id=\"7d3c5b6f\" data-element_type=\"widget\" data-e-type=\"widget\" data-widget_type=\"divider.default\">\n\t\t\t\t<div class=\"elementor-widget-container\">\n\t\t\t\t\t\t\t<div class=\"elementor-divider\">\n\t\t\t<span class=\"elementor-divider-separator\">\n\t\t\t\t\t\t<\/span>\n\t\t<\/div>\n\t\t\t\t\t\t<\/div>\n\t\t\t\t<\/div>\n\t\t\t\t\t<\/div>\n\t\t<\/div>\n\t\t\t\t\t<\/div>\n\t\t<\/section>\n\t\t\t\t<section class=\"elementor-section elementor-top-section elementor-element elementor-element-187ca1b elementor-section-boxed elementor-section-height-default elementor-section-height-default\" data-id=\"187ca1b\" data-element_type=\"section\" data-e-type=\"section\">\n\t\t\t\t\t\t<div class=\"elementor-container elementor-column-gap-default\">\n\t\t\t\t\t<div class=\"elementor-column elementor-col-33 elementor-top-column elementor-element elementor-element-6a9840a\" data-id=\"6a9840a\" data-element_type=\"column\" data-e-type=\"column\">\n\t\t\t<div class=\"elementor-widget-wrap elementor-element-populated\">\n\t\t\t\t\t\t<div class=\"elementor-element elementor-element-994e170 elementor-widget elementor-widget-text-editor\" data-id=\"994e170\" data-element_type=\"widget\" data-e-type=\"widget\" data-widget_type=\"text-editor.default\">\n\t\t\t\t<div class=\"elementor-widget-container\">\n\t\t\t\t\t\t\t\t\tEmpresa: \t\t\t\t\t\t\t\t<\/div>\n\t\t\t\t<\/div>\n\t\t\t\t<div class=\"elementor-element elementor-element-c25ec79 elementor-widget elementor-widget-image\" data-id=\"c25ec79\" data-element_type=\"widget\" data-e-type=\"widget\" data-widget_type=\"image.default\">\n\t\t\t\t<div class=\"elementor-widget-container\">\n\t\t\t\t\t\t\t\t\t\t\t\t\t\t\t\t<a href=\"https:\/\/www.facebook.com\/TurismoVIDAtours\" target=\"_blank\">\n\t\t\t\t\t\t\t<img decoding=\"async\" width=\"397\" height=\"288\" src=\"https:\/\/conjuntoshistoricoscaceres.com\/2026\/wp-content\/uploads\/2022\/08\/logo-04.jpg\" class=\"attachment-large size-large wp-image-160\" alt=\"VIDA TOUR\" srcset=\"https:\/\/conjuntoshistoricoscaceres.com\/2026\/wp-content\/uploads\/2022\/08\/logo-04.jpg 397w, https:\/\/conjuntoshistoricoscaceres.com\/2026\/wp-content\/uploads\/2022\/08\/logo-04-300x218.jpg 300w\" sizes=\"(max-width: 397px) 100vw, 397px\" \/>\t\t\t\t\t\t\t\t<\/a>\n\t\t\t\t\t\t\t\t\t\t\t\t\t\t\t<\/div>\n\t\t\t\t<\/div>\n\t\t\t\t\t<\/div>\n\t\t<\/div>\n\t\t\t\t<div class=\"elementor-column elementor-col-33 elementor-top-column elementor-element elementor-element-7e25b23\" data-id=\"7e25b23\" data-element_type=\"column\" data-e-type=\"column\">\n\t\t\t<div class=\"elementor-widget-wrap elementor-element-populated\">\n\t\t\t\t\t\t<div class=\"elementor-element elementor-element-237cf3b elementor-widget elementor-widget-text-editor\" data-id=\"237cf3b\" data-element_type=\"widget\" data-e-type=\"widget\" data-widget_type=\"text-editor.default\">\n\t\t\t\t<div class=\"elementor-widget-container\">\n\t\t\t\t\t\t\t\t\tContacto: \t\t\t\t\t\t\t\t<\/div>\n\t\t\t\t<\/div>\n\t\t\t\t<div class=\"elementor-element elementor-element-21ddec8 elementor-icon-list--layout-traditional elementor-list-item-link-full_width elementor-widget elementor-widget-icon-list\" data-id=\"21ddec8\" data-element_type=\"widget\" data-e-type=\"widget\" data-widget_type=\"icon-list.default\">\n\t\t\t\t<div class=\"elementor-widget-container\">\n\t\t\t\t\t\t\t<ul class=\"elementor-icon-list-items\">\n\t\t\t\t\t\t\t<li class=\"elementor-icon-list-item\">\n\t\t\t\t\t\t\t\t\t\t\t<a href=\"https:\/\/www.instagram.com\/turismovidatours\/\">\n\n\t\t\t\t\t\t\t\t\t\t\t\t<span class=\"elementor-icon-list-icon\">\n\t\t\t\t\t\t\t<i aria-hidden=\"true\" class=\"fab fa-instagram\"><\/i>\t\t\t\t\t\t<\/span>\n\t\t\t\t\t\t\t\t\t\t<span class=\"elementor-icon-list-text\"> turismovidatours<\/span>\n\t\t\t\t\t\t\t\t\t\t\t<\/a>\n\t\t\t\t\t\t\t\t\t<\/li>\n\t\t\t\t\t\t\t\t<li class=\"elementor-icon-list-item\">\n\t\t\t\t\t\t\t\t\t\t\t<a href=\"https:\/\/www.facebook.com\/TurismoVIDAtours\">\n\n\t\t\t\t\t\t\t\t\t\t\t\t<span class=\"elementor-icon-list-icon\">\n\t\t\t\t\t\t\t<i aria-hidden=\"true\" class=\"fab fa-facebook\"><\/i>\t\t\t\t\t\t<\/span>\n\t\t\t\t\t\t\t\t\t\t<span class=\"elementor-icon-list-text\">VIDA Tours: Visitas Valle del Alag\u00f3n.<\/span>\n\t\t\t\t\t\t\t\t\t\t\t<\/a>\n\t\t\t\t\t\t\t\t\t<\/li>\n\t\t\t\t\t\t<\/ul>\n\t\t\t\t\t\t<\/div>\n\t\t\t\t<\/div>\n\t\t\t\t\t<\/div>\n\t\t<\/div>\n\t\t\t\t<div class=\"elementor-column elementor-col-33 elementor-top-column elementor-element elementor-element-d391432\" data-id=\"d391432\" data-element_type=\"column\" data-e-type=\"column\">\n\t\t\t<div class=\"elementor-widget-wrap\">\n\t\t\t\t\t\t\t<\/div>\n\t\t<\/div>\n\t\t\t\t\t<\/div>\n\t\t<\/section>\n\t\t\t\t<section class=\"elementor-section elementor-top-section elementor-element elementor-element-0d45cbc elementor-section-boxed elementor-section-height-default elementor-section-height-default\" data-id=\"0d45cbc\" data-element_type=\"section\" data-e-type=\"section\">\n\t\t\t\t\t\t<div class=\"elementor-container elementor-column-gap-default\">\n\t\t\t\t\t<div class=\"elementor-column elementor-col-100 elementor-top-column elementor-element elementor-element-7fca41b\" data-id=\"7fca41b\" data-element_type=\"column\" data-e-type=\"column\">\n\t\t\t<div class=\"elementor-widget-wrap elementor-element-populated\">\n\t\t\t\t\t\t<div class=\"elementor-element elementor-element-73f2fa0 elementor-widget elementor-widget-spacer\" data-id=\"73f2fa0\" data-element_type=\"widget\" data-e-type=\"widget\" data-widget_type=\"spacer.default\">\n\t\t\t\t<div class=\"elementor-widget-container\">\n\t\t\t\t\t\t\t<div class=\"elementor-spacer\">\n\t\t\t<div class=\"elementor-spacer-inner\"><\/div>\n\t\t<\/div>\n\t\t\t\t\t\t<\/div>\n\t\t\t\t<\/div>\n\t\t\t\t\t<\/div>\n\t\t<\/div>\n\t\t\t\t\t<\/div>\n\t\t<\/section>\n\t\t\t\t<section class=\"elementor-section elementor-top-section elementor-element elementor-element-78a583e elementor-section-boxed elementor-section-height-default elementor-section-height-default\" data-id=\"78a583e\" data-element_type=\"section\" data-e-type=\"section\" data-settings=\"{&quot;background_background&quot;:&quot;gradient&quot;}\">\n\t\t\t\t\t\t<div class=\"elementor-container elementor-column-gap-default\">\n\t\t\t\t\t<div class=\"elementor-column elementor-col-100 elementor-top-column elementor-element elementor-element-d257e81\" data-id=\"d257e81\" data-element_type=\"column\" data-e-type=\"column\">\n\t\t\t<div class=\"elementor-widget-wrap elementor-element-populated\">\n\t\t\t\t\t\t<div class=\"elementor-element elementor-element-eea4d08 elementor-widget elementor-widget-heading\" data-id=\"eea4d08\" data-element_type=\"widget\" data-e-type=\"widget\" data-widget_type=\"heading.default\">\n\t\t\t\t<div class=\"elementor-widget-container\">\n\t\t\t\t\t<h3 class=\"elementor-heading-title elementor-size-default\">Recuerda<\/h3>\t\t\t\t<\/div>\n\t\t\t\t<\/div>\n\t\t\t\t<div class=\"elementor-element elementor-element-b14d311 elementor-widget elementor-widget-global elementor-global-2140 elementor-widget-text-editor\" data-id=\"b14d311\" data-element_type=\"widget\" data-e-type=\"widget\" data-widget_type=\"text-editor.default\">\n\t\t\t\t<div class=\"elementor-widget-container\">\n\t\t\t\t\t\t\t\t\t<p style=\"text-align: center;\">Las inscripciones recibidas antes de la apertura de los plazos establecidos ser\u00e1n eliminadas.<br>El m\u00e1ximo de participaci\u00f3n es de 2 actividades por persona en todo el programa.<br>No pueden inscribirse m\u00e1s de 4 participantes por formulario de inscripci\u00f3n y actividad exceptuando las familias numerosas<span style=\"font-style: inherit; font-weight: inherit; background-color: transparent;\">.&nbsp;<\/span><span style=\"background-color: transparent; font-style: inherit; font-weight: inherit;\">La no presentaci\u00f3n en una actividad adjudicada, supone la eliminaci\u00f3n del resto de actividades donde estuviese seleccionado\/a.<\/span><\/p><p style=\"text-align: center;\">Las inscripciones que incumplan los requisitos establecidos ser\u00e1n eliminadas autom\u00e1ticamente de la base de datos.<\/p>\t\t\t\t\t\t\t\t<\/div>\n\t\t\t\t<\/div>\n\t\t\t\t\t<\/div>\n\t\t<\/div>\n\t\t\t\t\t<\/div>\n\t\t<\/section>\n\t\t\t\t<\/div>\n\t\t","protected":false},"excerpt":{"rendered":"<p>ACTIVIDAD FINALIZADA CORIA Ad\u00e9ntrate, disfruta y descubre Visita guiada + Actividad nocturna teatralizada de leyendas y curiosidades ACTIVIDAD Ad\u00e9ntrate, disfruta y descubre Coria Asistiremos a una actividad teatralizada de leyendas y curiosidades de Coria, donde descubriremos los secretos del pasado de la ciudad \u201cmuy noble y muy leal\u201d de Coria. Esta actividad servir\u00e1 de introducci\u00f3n [&hellip;]<\/p>\n","protected":false},"author":3,"featured_media":0,"parent":0,"menu_order":0,"comment_status":"closed","ping_status":"closed","template":"elementor_canvas","meta":{"site-sidebar-layout":"no-sidebar","site-content-layout":"page-builder","ast-site-content-layout":"","site-content-style":"default","site-sidebar-style":"default","ast-global-header-display":"","ast-banner-title-visibility":"","ast-main-header-display":"","ast-hfb-above-header-display":"","ast-hfb-below-header-display":"","ast-hfb-mobile-header-display":"","site-post-title":"disabled","ast-breadcrumbs-content":"","ast-featured-img":"disabled","footer-sml-layout":"","theme-transparent-header-meta":"","adv-header-id-meta":"","stick-header-meta":"","header-above-stick-meta":"","header-main-stick-meta":"","header-below-stick-meta":"","astra-migrate-meta-layouts":"default","ast-page-background-enabled":"default","ast-page-background-meta":{"desktop":{"background-color":"var(--ast-global-color-4)","background-image":"","background-repeat":"repeat","background-position":"center center","background-size":"auto","background-attachment":"scroll","background-type":"","background-media":"","overlay-type":"","overlay-color":"","overlay-opacity":"","overlay-gradient":""},"tablet":{"background-color":"","background-image":"","background-repeat":"repeat","background-position":"center center","background-size":"auto","background-attachment":"scroll","background-type":"","background-media":"","overlay-type":"","overlay-color":"","overlay-opacity":"","overlay-gradient":""},"mobile":{"background-color":"","background-image":"","background-repeat":"repeat","background-position":"center center","background-size":"auto","background-attachment":"scroll","background-type":"","background-media":"","overlay-type":"","overlay-color":"","overlay-opacity":"","overlay-gradient":""}},"ast-content-background-meta":{"desktop":{"background-color":"var(--ast-global-color-5)","background-image":"","background-repeat":"repeat","background-position":"center center","background-size":"auto","background-attachment":"scroll","background-type":"","background-media":"","overlay-type":"","overlay-color":"","overlay-opacity":"","overlay-gradient":""},"tablet":{"background-color":"var(--ast-global-color-5)","background-image":"","background-repeat":"repeat","background-position":"center center","background-size":"auto","background-attachment":"scroll","background-type":"","background-media":"","overlay-type":"","overlay-color":"","overlay-opacity":"","overlay-gradient":""},"mobile":{"background-color":"var(--ast-global-color-5)","background-image":"","background-repeat":"repeat","background-position":"center center","background-size":"auto","background-attachment":"scroll","background-type":"","background-media":"","overlay-type":"","overlay-color":"","overlay-opacity":"","overlay-gradient":""}},"footnotes":""},"class_list":["post-472","page","type-page","status-publish","hentry"],"_links":{"self":[{"href":"https:\/\/conjuntoshistoricoscaceres.com\/2026\/wp-json\/wp\/v2\/pages\/472","targetHints":{"allow":["GET"]}}],"collection":[{"href":"https:\/\/conjuntoshistoricoscaceres.com\/2026\/wp-json\/wp\/v2\/pages"}],"about":[{"href":"https:\/\/conjuntoshistoricoscaceres.com\/2026\/wp-json\/wp\/v2\/types\/page"}],"author":[{"embeddable":true,"href":"https:\/\/conjuntoshistoricoscaceres.com\/2026\/wp-json\/wp\/v2\/users\/3"}],"replies":[{"embeddable":true,"href":"https:\/\/conjuntoshistoricoscaceres.com\/2026\/wp-json\/wp\/v2\/comments?post=472"}],"version-history":[{"count":58,"href":"https:\/\/conjuntoshistoricoscaceres.com\/2026\/wp-json\/wp\/v2\/pages\/472\/revisions"}],"predecessor-version":[{"id":2379,"href":"https:\/\/conjuntoshistoricoscaceres.com\/2026\/wp-json\/wp\/v2\/pages\/472\/revisions\/2379"}],"wp:attachment":[{"href":"https:\/\/conjuntoshistoricoscaceres.com\/2026\/wp-json\/wp\/v2\/media?parent=472"}],"curies":[{"name":"wp","href":"https:\/\/api.w.org\/{rel}","templated":true}]}}