{"id":448,"date":"2022-08-04T19:26:02","date_gmt":"2022-08-04T19:26:02","guid":{"rendered":"https:\/\/pre.conjuntoshistoricoscaceres.com\/?page_id=448"},"modified":"2022-09-18T13:52:55","modified_gmt":"2022-09-18T11:52:55","slug":"villanueva-de-la-vera","status":"publish","type":"page","link":"https:\/\/conjuntoshistoricoscaceres.com\/2026\/villanueva-de-la-vera\/","title":{"rendered":"Villanueva de la Vera"},"content":{"rendered":"\t\t<div data-elementor-type=\"wp-page\" data-elementor-id=\"448\" class=\"elementor elementor-448\" data-elementor-post-type=\"page\">\n\t\t\t\t\t\t<section class=\"elementor-section elementor-top-section elementor-element elementor-element-cd27b8d elementor-section-full_width elementor-section-height-default elementor-section-height-default\" data-id=\"cd27b8d\" data-element_type=\"section\" data-e-type=\"section\">\n\t\t\t\t\t\t<div class=\"elementor-container elementor-column-gap-no\">\n\t\t\t\t\t<div class=\"elementor-column elementor-col-100 elementor-top-column elementor-element elementor-element-3982d77\" data-id=\"3982d77\" data-element_type=\"column\" data-e-type=\"column\">\n\t\t\t<div class=\"elementor-widget-wrap elementor-element-populated\">\n\t\t\t\t\t\t<div class=\"elementor-element elementor-element-77db1d1 elementor-widget elementor-widget-image\" data-id=\"77db1d1\" data-element_type=\"widget\" data-e-type=\"widget\" data-widget_type=\"image.default\">\n\t\t\t\t<div class=\"elementor-widget-container\">\n\t\t\t\t\t\t\t\t\t\t\t\t\t\t\t<img fetchpriority=\"high\" decoding=\"async\" width=\"1024\" height=\"527\" src=\"https:\/\/conjuntoshistoricoscaceres.com\/2026\/wp-content\/uploads\/2022\/08\/cabeceras-actividades-villanueva-de-la-vera-1024x527.jpg\" class=\"attachment-large size-large wp-image-326\" alt=\"villanueva-de-la-vera\" srcset=\"https:\/\/conjuntoshistoricoscaceres.com\/2026\/wp-content\/uploads\/2022\/08\/cabeceras-actividades-villanueva-de-la-vera-1024x527.jpg 1024w, https:\/\/conjuntoshistoricoscaceres.com\/2026\/wp-content\/uploads\/2022\/08\/cabeceras-actividades-villanueva-de-la-vera-300x155.jpg 300w, https:\/\/conjuntoshistoricoscaceres.com\/2026\/wp-content\/uploads\/2022\/08\/cabeceras-actividades-villanueva-de-la-vera-768x396.jpg 768w, https:\/\/conjuntoshistoricoscaceres.com\/2026\/wp-content\/uploads\/2022\/08\/cabeceras-actividades-villanueva-de-la-vera-1536x791.jpg 1536w, https:\/\/conjuntoshistoricoscaceres.com\/2026\/wp-content\/uploads\/2022\/08\/cabeceras-actividades-villanueva-de-la-vera.jpg 1897w\" sizes=\"(max-width: 1024px) 100vw, 1024px\" \/>\t\t\t\t\t\t\t\t\t\t\t\t\t\t\t<\/div>\n\t\t\t\t<\/div>\n\t\t\t\t\t<\/div>\n\t\t<\/div>\n\t\t\t\t\t<\/div>\n\t\t<\/section>\n\t\t\t\t<section class=\"elementor-section elementor-top-section elementor-element elementor-element-f46232a elementor-section-boxed elementor-section-height-default elementor-section-height-default\" data-id=\"f46232a\" data-element_type=\"section\" data-e-type=\"section\" data-settings=\"{&quot;background_background&quot;:&quot;classic&quot;}\">\n\t\t\t\t\t\t<div class=\"elementor-container elementor-column-gap-default\">\n\t\t\t\t\t<div class=\"elementor-column elementor-col-100 elementor-top-column elementor-element elementor-element-7cc7917\" data-id=\"7cc7917\" data-element_type=\"column\" data-e-type=\"column\">\n\t\t\t<div class=\"elementor-widget-wrap elementor-element-populated\">\n\t\t\t\t\t\t<div class=\"elementor-element elementor-element-acaf7ea elementor-align-center elementor-widget elementor-widget-button\" data-id=\"acaf7ea\" data-element_type=\"widget\" data-e-type=\"widget\" data-settings=\"{&quot;motion_fx_motion_fx_mouse&quot;:&quot;yes&quot;,&quot;_animation_mobile&quot;:&quot;bounceIn&quot;}\" data-widget_type=\"button.default\">\n\t\t\t\t<div class=\"elementor-widget-container\">\n\t\t\t\t\t\t\t\t\t<div class=\"elementor-button-wrapper\">\n\t\t\t\t\t<a class=\"elementor-button elementor-size-lg\" role=\"button\">\n\t\t\t\t\t\t<span class=\"elementor-button-content-wrapper\">\n\t\t\t\t\t\t\t\t\t<span class=\"elementor-button-text\">ACTIVIDAD FINALIZADA<\/span>\n\t\t\t\t\t<\/span>\n\t\t\t\t\t<\/a>\n\t\t\t\t<\/div>\n\t\t\t\t\t\t\t\t<\/div>\n\t\t\t\t<\/div>\n\t\t\t\t\t<\/div>\n\t\t<\/div>\n\t\t\t\t\t<\/div>\n\t\t<\/section>\n\t\t\t\t<section class=\"elementor-section elementor-top-section elementor-element elementor-element-4b63cf03 elementor-section-boxed elementor-section-height-default elementor-section-height-default\" data-id=\"4b63cf03\" data-element_type=\"section\" data-e-type=\"section\">\n\t\t\t\t\t\t<div class=\"elementor-container elementor-column-gap-default\">\n\t\t\t\t\t<div class=\"elementor-column elementor-col-100 elementor-top-column elementor-element elementor-element-21efa6e3\" data-id=\"21efa6e3\" data-element_type=\"column\" data-e-type=\"column\">\n\t\t\t<div class=\"elementor-widget-wrap elementor-element-populated\">\n\t\t\t\t\t\t<div class=\"elementor-element elementor-element-93cf9f6 elementor-widget elementor-widget-image\" data-id=\"93cf9f6\" data-element_type=\"widget\" data-e-type=\"widget\" data-widget_type=\"image.default\">\n\t\t\t\t<div class=\"elementor-widget-container\">\n\t\t\t\t\t\t\t\t\t\t\t\t\t\t\t\t<a href=\"https:\/\/conjuntoshistoricoscaceres.com\/2026\/wp-content\/uploads\/2022\/08\/villanueva-de-la-vera-08-1-1024x1024.jpg\">\n\t\t\t\t\t\t\t<img decoding=\"async\" width=\"1024\" height=\"1024\" src=\"https:\/\/conjuntoshistoricoscaceres.com\/2026\/wp-content\/uploads\/2022\/08\/villanueva-de-la-vera-08-1-1024x1024.jpg\" class=\"attachment-large size-large wp-image-1430\" alt=\"VILLANUEVA DE LA VERA\" srcset=\"https:\/\/conjuntoshistoricoscaceres.com\/2026\/wp-content\/uploads\/2022\/08\/villanueva-de-la-vera-08-1-1024x1024.jpg 1024w, https:\/\/conjuntoshistoricoscaceres.com\/2026\/wp-content\/uploads\/2022\/08\/villanueva-de-la-vera-08-1-300x300.jpg 300w, https:\/\/conjuntoshistoricoscaceres.com\/2026\/wp-content\/uploads\/2022\/08\/villanueva-de-la-vera-08-1-150x150.jpg 150w, https:\/\/conjuntoshistoricoscaceres.com\/2026\/wp-content\/uploads\/2022\/08\/villanueva-de-la-vera-08-1-768x768.jpg 768w, https:\/\/conjuntoshistoricoscaceres.com\/2026\/wp-content\/uploads\/2022\/08\/villanueva-de-la-vera-08-1.jpg 1264w\" sizes=\"(max-width: 1024px) 100vw, 1024px\" \/>\t\t\t\t\t\t\t\t<\/a>\n\t\t\t\t\t\t\t\t\t\t\t\t\t\t\t<\/div>\n\t\t\t\t<\/div>\n\t\t\t\t<div class=\"elementor-element elementor-element-2a29fea elementor-widget elementor-widget-heading\" data-id=\"2a29fea\" data-element_type=\"widget\" data-e-type=\"widget\" data-widget_type=\"heading.default\">\n\t\t\t\t<div class=\"elementor-widget-container\">\n\t\t\t\t\t<h1 class=\"elementor-heading-title elementor-size-default\">VILLANUEVA DE LA VERA<\/h1>\t\t\t\t<\/div>\n\t\t\t\t<\/div>\n\t\t\t\t<div class=\"elementor-element elementor-element-398a9fcd elementor-widget elementor-widget-heading\" data-id=\"398a9fcd\" data-element_type=\"widget\" data-e-type=\"widget\" data-widget_type=\"heading.default\">\n\t\t\t\t<div class=\"elementor-widget-container\">\n\t\t\t\t\t<h2 class=\"elementor-heading-title elementor-size-default\">Riqueza cultural y folclore en La Vera<\/h2>\t\t\t\t<\/div>\n\t\t\t\t<\/div>\n\t\t\t\t<section class=\"elementor-section elementor-inner-section elementor-element elementor-element-7ac3dc10 elementor-section-boxed elementor-section-height-default elementor-section-height-default\" data-id=\"7ac3dc10\" data-element_type=\"section\" data-e-type=\"section\">\n\t\t\t\t\t\t<div class=\"elementor-container elementor-column-gap-default\">\n\t\t\t\t\t<div class=\"elementor-column elementor-col-100 elementor-inner-column elementor-element elementor-element-62951180\" data-id=\"62951180\" data-element_type=\"column\" data-e-type=\"column\">\n\t\t\t<div class=\"elementor-widget-wrap elementor-element-populated\">\n\t\t\t\t\t\t<div class=\"elementor-element elementor-element-294aa745 elementor-widget elementor-widget-heading\" data-id=\"294aa745\" data-element_type=\"widget\" data-e-type=\"widget\" data-widget_type=\"heading.default\">\n\t\t\t\t<div class=\"elementor-widget-container\">\n\t\t\t\t\t<h3 class=\"elementor-heading-title elementor-size-default\">Visita guiada + Actuaci\u00f3n de grupo folkl\u00f3rico con ronde\u00f1a y degustaci\u00f3n de dulces<\/h3>\t\t\t\t<\/div>\n\t\t\t\t<\/div>\n\t\t\t\t\t<\/div>\n\t\t<\/div>\n\t\t\t\t\t<\/div>\n\t\t<\/section>\n\t\t\t\t<section class=\"elementor-section elementor-inner-section elementor-element elementor-element-7754fcb9 elementor-section-boxed elementor-section-height-default elementor-section-height-default\" data-id=\"7754fcb9\" data-element_type=\"section\" data-e-type=\"section\">\n\t\t\t\t\t\t<div class=\"elementor-container elementor-column-gap-extended\">\n\t\t\t\t\t<div class=\"elementor-column elementor-col-50 elementor-inner-column elementor-element elementor-element-25a5bf5e\" data-id=\"25a5bf5e\" data-element_type=\"column\" data-e-type=\"column\">\n\t\t\t<div class=\"elementor-widget-wrap elementor-element-populated\">\n\t\t\t\t\t\t<div class=\"elementor-element elementor-element-26d77c27 elementor-widget elementor-widget-text-editor\" data-id=\"26d77c27\" data-element_type=\"widget\" data-e-type=\"widget\" data-widget_type=\"text-editor.default\">\n\t\t\t\t<div class=\"elementor-widget-container\">\n\t\t\t\t\t\t\t\t\t<strong>VISITA GUIADA <\/strong>\t\t\t\t\t\t\t\t<\/div>\n\t\t\t\t<\/div>\n\t\t\t\t<div class=\"elementor-element elementor-element-6d8ae3e5 elementor-widget elementor-widget-text-editor\" data-id=\"6d8ae3e5\" data-element_type=\"widget\" data-e-type=\"widget\" data-widget_type=\"text-editor.default\">\n\t\t\t\t<div class=\"elementor-widget-container\">\n\t\t\t\t\t\t\t\t\t<ul><li>Visita guiada por Villanueva de la Vera.<\/li><li>Recorrido explicativo de su arquitectura tradicional que la ha hecho ser nombrada Conjunto Hist\u00f3rico Art\u00edstico<\/li><li>Plaza de Santa Ana<\/li><li>Plaza de Aniceto Marina<\/li><li>Ayuntamiento<\/li><li>Iglesias y Ermitas<\/li><\/ul>\t\t\t\t\t\t\t\t<\/div>\n\t\t\t\t<\/div>\n\t\t\t\t<div class=\"elementor-element elementor-element-114bac88 elementor-widget elementor-widget-text-editor\" data-id=\"114bac88\" data-element_type=\"widget\" data-e-type=\"widget\" data-widget_type=\"text-editor.default\">\n\t\t\t\t<div class=\"elementor-widget-container\">\n\t\t\t\t\t\t\t\t\t<p><strong>LOCALIDAD \/ LUGAR DE QUEDADA<\/strong><br \/>Plaza Mayor de Villanueva de la Vera, junto al ayuntamiento<\/p><p><strong>FECHA<\/strong><br \/>18 septiembre de 2022<\/p><p><strong>DURACI\u00d3N Y HORARIO<\/strong><br \/>1 hora y 30 minutos. De 10,30 h a 12,00 h.<\/p>\t\t\t\t\t\t\t\t<\/div>\n\t\t\t\t<\/div>\n\t\t\t\t\t<\/div>\n\t\t<\/div>\n\t\t\t\t<div class=\"elementor-column elementor-col-50 elementor-inner-column elementor-element elementor-element-632d49e6\" data-id=\"632d49e6\" data-element_type=\"column\" data-e-type=\"column\">\n\t\t\t<div class=\"elementor-widget-wrap elementor-element-populated\">\n\t\t\t\t\t\t<div class=\"elementor-element elementor-element-651955c0 elementor-widget elementor-widget-text-editor\" data-id=\"651955c0\" data-element_type=\"widget\" data-e-type=\"widget\" data-widget_type=\"text-editor.default\">\n\t\t\t\t<div class=\"elementor-widget-container\">\n\t\t\t\t\t\t\t\t\t<strong>ACTIVIDAD <\/strong>\t\t\t\t\t\t\t\t<\/div>\n\t\t\t\t<\/div>\n\t\t\t\t<div class=\"elementor-element elementor-element-3af28423 elementor-widget elementor-widget-text-editor\" data-id=\"3af28423\" data-element_type=\"widget\" data-e-type=\"widget\" data-widget_type=\"text-editor.default\">\n\t\t\t\t<div class=\"elementor-widget-container\">\n\t\t\t\t\t\t\t\t\t<p><strong>Bailes regionales y dulces<\/strong><br \/>Actuaci\u00f3n del grupo folcl\u00f3rico de la localidad mostrando sus bailes regionales, con una ronde\u00f1a por las calles del pueblo y degustaci\u00f3n de dulces t\u00edpicos<\/p>\t\t\t\t\t\t\t\t<\/div>\n\t\t\t\t<\/div>\n\t\t\t\t<div class=\"elementor-element elementor-element-2589b11b elementor-widget elementor-widget-text-editor\" data-id=\"2589b11b\" data-element_type=\"widget\" data-e-type=\"widget\" data-widget_type=\"text-editor.default\">\n\t\t\t\t<div class=\"elementor-widget-container\">\n\t\t\t\t\t\t\t\t\t<p><strong>INCLUYE<\/strong><br>Dulces de la zona<\/p>\n<p><strong>LOCALIDAD \/ LUGAR DE QUEDADA<\/strong><br>Plaza Mayor de Villanueva de la Vera, junto al ayuntamiento<\/p>\n<p><strong>FECHA<\/strong> <br>18 de septiembre de 2022<\/p>\n<p><strong>DURACI\u00d3N Y HORARIO<\/strong> <br>1 hora y 30 minutos<br>De 12,00 h a 13,00 h.<\/p>\n<p><strong>SE RECOMIENDA<\/strong><br>\u25cf Calzado c\u00f3modo<br>\u25cf Ropa c\u00f3moda&nbsp;<\/p>\t\t\t\t\t\t\t\t<\/div>\n\t\t\t\t<\/div>\n\t\t\t\t<div class=\"elementor-element elementor-element-662699fc elementor-widget-divider--view-line elementor-widget elementor-widget-divider\" data-id=\"662699fc\" data-element_type=\"widget\" data-e-type=\"widget\" data-widget_type=\"divider.default\">\n\t\t\t\t<div class=\"elementor-widget-container\">\n\t\t\t\t\t\t\t<div class=\"elementor-divider\">\n\t\t\t<span class=\"elementor-divider-separator\">\n\t\t\t\t\t\t<\/span>\n\t\t<\/div>\n\t\t\t\t\t\t<\/div>\n\t\t\t\t<\/div>\n\t\t\t\t<div class=\"elementor-element elementor-element-1c8f92d0 elementor-widget elementor-widget-text-editor\" data-id=\"1c8f92d0\" data-element_type=\"widget\" data-e-type=\"widget\" data-widget_type=\"text-editor.default\">\n\t\t\t\t<div class=\"elementor-widget-container\">\n\t\t\t\t\t\t\t\t\t<p><strong>NOTA:<\/strong> Estos horarios son aproximados,\u00a0 al realizarse 2 actividades consecutivas, podr\u00e1n variar en funci\u00f3n del desarrollo de las mismas.\u00a0<\/p>\t\t\t\t\t\t\t\t<\/div>\n\t\t\t\t<\/div>\n\t\t\t\t<div class=\"elementor-element elementor-element-4cf15ebe elementor-widget-divider--view-line elementor-widget elementor-widget-divider\" data-id=\"4cf15ebe\" data-element_type=\"widget\" data-e-type=\"widget\" data-widget_type=\"divider.default\">\n\t\t\t\t<div class=\"elementor-widget-container\">\n\t\t\t\t\t\t\t<div class=\"elementor-divider\">\n\t\t\t<span class=\"elementor-divider-separator\">\n\t\t\t\t\t\t<\/span>\n\t\t<\/div>\n\t\t\t\t\t\t<\/div>\n\t\t\t\t<\/div>\n\t\t\t\t\t<\/div>\n\t\t<\/div>\n\t\t\t\t\t<\/div>\n\t\t<\/section>\n\t\t\t\t<div class=\"elementor-element elementor-element-6bcf797b elementor-widget-divider--view-line elementor-widget elementor-widget-divider\" data-id=\"6bcf797b\" data-element_type=\"widget\" data-e-type=\"widget\" data-widget_type=\"divider.default\">\n\t\t\t\t<div class=\"elementor-widget-container\">\n\t\t\t\t\t\t\t<div class=\"elementor-divider\">\n\t\t\t<span class=\"elementor-divider-separator\">\n\t\t\t\t\t\t<\/span>\n\t\t<\/div>\n\t\t\t\t\t\t<\/div>\n\t\t\t\t<\/div>\n\t\t\t\t\t<\/div>\n\t\t<\/div>\n\t\t\t\t\t<\/div>\n\t\t<\/section>\n\t\t\t\t<section class=\"elementor-section elementor-top-section elementor-element elementor-element-187ca1b elementor-section-boxed elementor-section-height-default elementor-section-height-default\" data-id=\"187ca1b\" data-element_type=\"section\" data-e-type=\"section\">\n\t\t\t\t\t\t<div class=\"elementor-container elementor-column-gap-default\">\n\t\t\t\t\t<div class=\"elementor-column elementor-col-33 elementor-top-column elementor-element elementor-element-6a9840a\" data-id=\"6a9840a\" data-element_type=\"column\" data-e-type=\"column\">\n\t\t\t<div class=\"elementor-widget-wrap elementor-element-populated\">\n\t\t\t\t\t\t<div class=\"elementor-element elementor-element-994e170 elementor-widget elementor-widget-text-editor\" data-id=\"994e170\" data-element_type=\"widget\" data-e-type=\"widget\" data-widget_type=\"text-editor.default\">\n\t\t\t\t<div class=\"elementor-widget-container\">\n\t\t\t\t\t\t\t\t\tEmpresa: \t\t\t\t\t\t\t\t<\/div>\n\t\t\t\t<\/div>\n\t\t\t\t<div class=\"elementor-element elementor-element-c25ec79 elementor-widget elementor-widget-image\" data-id=\"c25ec79\" data-element_type=\"widget\" data-e-type=\"widget\" data-widget_type=\"image.default\">\n\t\t\t\t<div class=\"elementor-widget-container\">\n\t\t\t\t\t\t\t\t\t\t\t\t\t\t\t\t<a href=\"https:\/\/idiomatur.com\/\" target=\"_blank\">\n\t\t\t\t\t\t\t<img decoding=\"async\" width=\"397\" height=\"288\" src=\"https:\/\/conjuntoshistoricoscaceres.com\/2026\/wp-content\/uploads\/2022\/08\/logo-11.jpg\" class=\"attachment-large size-large wp-image-167\" alt=\"IDIOMATUR\" srcset=\"https:\/\/conjuntoshistoricoscaceres.com\/2026\/wp-content\/uploads\/2022\/08\/logo-11.jpg 397w, https:\/\/conjuntoshistoricoscaceres.com\/2026\/wp-content\/uploads\/2022\/08\/logo-11-300x218.jpg 300w\" sizes=\"(max-width: 397px) 100vw, 397px\" \/>\t\t\t\t\t\t\t\t<\/a>\n\t\t\t\t\t\t\t\t\t\t\t\t\t\t\t<\/div>\n\t\t\t\t<\/div>\n\t\t\t\t\t<\/div>\n\t\t<\/div>\n\t\t\t\t<div class=\"elementor-column elementor-col-33 elementor-top-column elementor-element elementor-element-7e25b23\" data-id=\"7e25b23\" data-element_type=\"column\" data-e-type=\"column\">\n\t\t\t<div class=\"elementor-widget-wrap elementor-element-populated\">\n\t\t\t\t\t\t<div class=\"elementor-element elementor-element-237cf3b elementor-widget elementor-widget-text-editor\" data-id=\"237cf3b\" data-element_type=\"widget\" data-e-type=\"widget\" data-widget_type=\"text-editor.default\">\n\t\t\t\t<div class=\"elementor-widget-container\">\n\t\t\t\t\t\t\t\t\tContacto: \t\t\t\t\t\t\t\t<\/div>\n\t\t\t\t<\/div>\n\t\t\t\t<div class=\"elementor-element elementor-element-21ddec8 elementor-icon-list--layout-traditional elementor-list-item-link-full_width elementor-widget elementor-widget-icon-list\" data-id=\"21ddec8\" data-element_type=\"widget\" data-e-type=\"widget\" data-widget_type=\"icon-list.default\">\n\t\t\t\t<div class=\"elementor-widget-container\">\n\t\t\t\t\t\t\t<ul class=\"elementor-icon-list-items\">\n\t\t\t\t\t\t\t<li class=\"elementor-icon-list-item\">\n\t\t\t\t\t\t\t\t\t\t\t<a href=\"https:\/\/idiomatur.com\/\">\n\n\t\t\t\t\t\t\t\t\t\t\t\t<span class=\"elementor-icon-list-icon\">\n\t\t\t\t\t\t\t<i aria-hidden=\"true\" class=\"fas fa-compass\"><\/i>\t\t\t\t\t\t<\/span>\n\t\t\t\t\t\t\t\t\t\t<span class=\"elementor-icon-list-text\">https:\/\/idiomatur.com\/<\/span>\n\t\t\t\t\t\t\t\t\t\t\t<\/a>\n\t\t\t\t\t\t\t\t\t<\/li>\n\t\t\t\t\t\t\t\t<li class=\"elementor-icon-list-item\">\n\t\t\t\t\t\t\t\t\t\t\t<a href=\"http:\/\/ana.moreno@idiomatur.com\">\n\n\t\t\t\t\t\t\t\t\t\t\t\t<span class=\"elementor-icon-list-icon\">\n\t\t\t\t\t\t\t<i aria-hidden=\"true\" class=\"fas fa-at\"><\/i>\t\t\t\t\t\t<\/span>\n\t\t\t\t\t\t\t\t\t\t<span class=\"elementor-icon-list-text\">ana.moreno@idiomatur.com<\/span>\n\t\t\t\t\t\t\t\t\t\t\t<\/a>\n\t\t\t\t\t\t\t\t\t<\/li>\n\t\t\t\t\t\t\t\t<li class=\"elementor-icon-list-item\">\n\t\t\t\t\t\t\t\t\t\t\t<span class=\"elementor-icon-list-icon\">\n\t\t\t\t\t\t\t<i aria-hidden=\"true\" class=\"fas fa-phone-square-alt\"><\/i>\t\t\t\t\t\t<\/span>\n\t\t\t\t\t\t\t\t\t\t<span class=\"elementor-icon-list-text\">625118128<\/span>\n\t\t\t\t\t\t\t\t\t<\/li>\n\t\t\t\t\t\t<\/ul>\n\t\t\t\t\t\t<\/div>\n\t\t\t\t<\/div>\n\t\t\t\t\t<\/div>\n\t\t<\/div>\n\t\t\t\t<div class=\"elementor-column elementor-col-33 elementor-top-column elementor-element elementor-element-d391432\" data-id=\"d391432\" data-element_type=\"column\" data-e-type=\"column\">\n\t\t\t<div class=\"elementor-widget-wrap elementor-element-populated\">\n\t\t\t\t\t\t<div class=\"elementor-element elementor-element-22c2516 elementor-widget elementor-widget-text-editor\" data-id=\"22c2516\" data-element_type=\"widget\" data-e-type=\"widget\" data-widget_type=\"text-editor.default\">\n\t\t\t\t<div class=\"elementor-widget-container\">\n\t\t\t\t\t\t\t\t\t<p>Grupo folklorico:<\/p>\t\t\t\t\t\t\t\t<\/div>\n\t\t\t\t<\/div>\n\t\t\t\t<div class=\"elementor-element elementor-element-b8f895f elementor-widget elementor-widget-image\" data-id=\"b8f895f\" data-element_type=\"widget\" data-e-type=\"widget\" data-widget_type=\"image.default\">\n\t\t\t\t<div class=\"elementor-widget-container\">\n\t\t\t\t\t\t\t\t\t\t\t\t\t\t\t\t<a href=\"https:\/\/idiomatur.com\/\" target=\"_blank\">\n\t\t\t\t\t\t\t<img loading=\"lazy\" decoding=\"async\" width=\"784\" height=\"782\" src=\"https:\/\/conjuntoshistoricoscaceres.com\/2026\/wp-content\/uploads\/2022\/08\/grupo-folklorico-la-coronada.jpg\" class=\"attachment-large size-large wp-image-1184\" alt=\"grupo-folklorico-la-coronada\" srcset=\"https:\/\/conjuntoshistoricoscaceres.com\/2026\/wp-content\/uploads\/2022\/08\/grupo-folklorico-la-coronada.jpg 784w, https:\/\/conjuntoshistoricoscaceres.com\/2026\/wp-content\/uploads\/2022\/08\/grupo-folklorico-la-coronada-300x300.jpg 300w, https:\/\/conjuntoshistoricoscaceres.com\/2026\/wp-content\/uploads\/2022\/08\/grupo-folklorico-la-coronada-150x150.jpg 150w, https:\/\/conjuntoshistoricoscaceres.com\/2026\/wp-content\/uploads\/2022\/08\/grupo-folklorico-la-coronada-768x766.jpg 768w\" sizes=\"(max-width: 784px) 100vw, 784px\" \/>\t\t\t\t\t\t\t\t<\/a>\n\t\t\t\t\t\t\t\t\t\t\t\t\t\t\t<\/div>\n\t\t\t\t<\/div>\n\t\t\t\t\t<\/div>\n\t\t<\/div>\n\t\t\t\t\t<\/div>\n\t\t<\/section>\n\t\t\t\t<section class=\"elementor-section elementor-top-section elementor-element elementor-element-756f980 elementor-section-boxed elementor-section-height-default elementor-section-height-default\" data-id=\"756f980\" data-element_type=\"section\" data-e-type=\"section\" data-settings=\"{&quot;background_background&quot;:&quot;gradient&quot;}\">\n\t\t\t\t\t\t<div class=\"elementor-container elementor-column-gap-default\">\n\t\t\t\t\t<div class=\"elementor-column elementor-col-100 elementor-top-column elementor-element elementor-element-b167334\" data-id=\"b167334\" data-element_type=\"column\" data-e-type=\"column\">\n\t\t\t<div class=\"elementor-widget-wrap elementor-element-populated\">\n\t\t\t\t\t\t<div class=\"elementor-element elementor-element-0b3e419 elementor-widget elementor-widget-heading\" data-id=\"0b3e419\" data-element_type=\"widget\" data-e-type=\"widget\" data-widget_type=\"heading.default\">\n\t\t\t\t<div class=\"elementor-widget-container\">\n\t\t\t\t\t<h3 class=\"elementor-heading-title elementor-size-default\">Recuerda<\/h3>\t\t\t\t<\/div>\n\t\t\t\t<\/div>\n\t\t\t\t<div class=\"elementor-element elementor-element-167a7b5 elementor-widget elementor-widget-global elementor-global-2140 elementor-widget-text-editor\" data-id=\"167a7b5\" data-element_type=\"widget\" data-e-type=\"widget\" data-widget_type=\"text-editor.default\">\n\t\t\t\t<div class=\"elementor-widget-container\">\n\t\t\t\t\t\t\t\t\t<p style=\"text-align: center;\">Las inscripciones recibidas antes de la apertura de los plazos establecidos ser\u00e1n eliminadas.<br>El m\u00e1ximo de participaci\u00f3n es de 2 actividades por persona en todo el programa.<br>No pueden inscribirse m\u00e1s de 4 participantes por formulario de inscripci\u00f3n y actividad exceptuando las familias numerosas<span style=\"font-style: inherit; font-weight: inherit; background-color: transparent;\">.&nbsp;<\/span><span style=\"background-color: transparent; font-style: inherit; font-weight: inherit;\">La no presentaci\u00f3n en una actividad adjudicada, supone la eliminaci\u00f3n del resto de actividades donde estuviese seleccionado\/a.<\/span><\/p><p style=\"text-align: center;\">Las inscripciones que incumplan los requisitos establecidos ser\u00e1n eliminadas autom\u00e1ticamente de la base de datos.<\/p>\t\t\t\t\t\t\t\t<\/div>\n\t\t\t\t<\/div>\n\t\t\t\t\t<\/div>\n\t\t<\/div>\n\t\t\t\t\t<\/div>\n\t\t<\/section>\n\t\t\t\t<\/div>\n\t\t","protected":false},"excerpt":{"rendered":"<p>ACTIVIDAD FINALIZADA VILLANUEVA DE LA VERA Riqueza cultural y folclore en La Vera Visita guiada + Actuaci\u00f3n de grupo folkl\u00f3rico con ronde\u00f1a y degustaci\u00f3n de dulces VISITA GUIADA Visita guiada por Villanueva de la Vera. Recorrido explicativo de su arquitectura tradicional que la ha hecho ser nombrada Conjunto Hist\u00f3rico Art\u00edstico Plaza de Santa Ana Plaza [&hellip;]<\/p>\n","protected":false},"author":3,"featured_media":0,"parent":0,"menu_order":0,"comment_status":"closed","ping_status":"closed","template":"elementor_canvas","meta":{"site-sidebar-layout":"no-sidebar","site-content-layout":"page-builder","ast-site-content-layout":"","site-content-style":"default","site-sidebar-style":"default","ast-global-header-display":"","ast-banner-title-visibility":"","ast-main-header-display":"","ast-hfb-above-header-display":"","ast-hfb-below-header-display":"","ast-hfb-mobile-header-display":"","site-post-title":"disabled","ast-breadcrumbs-content":"","ast-featured-img":"disabled","footer-sml-layout":"","theme-transparent-header-meta":"","adv-header-id-meta":"","stick-header-meta":"","header-above-stick-meta":"","header-main-stick-meta":"","header-below-stick-meta":"","astra-migrate-meta-layouts":"default","ast-page-background-enabled":"default","ast-page-background-meta":{"desktop":{"background-color":"var(--ast-global-color-4)","background-image":"","background-repeat":"repeat","background-position":"center center","background-size":"auto","background-attachment":"scroll","background-type":"","background-media":"","overlay-type":"","overlay-color":"","overlay-opacity":"","overlay-gradient":""},"tablet":{"background-color":"","background-image":"","background-repeat":"repeat","background-position":"center center","background-size":"auto","background-attachment":"scroll","background-type":"","background-media":"","overlay-type":"","overlay-color":"","overlay-opacity":"","overlay-gradient":""},"mobile":{"background-color":"","background-image":"","background-repeat":"repeat","background-position":"center center","background-size":"auto","background-attachment":"scroll","background-type":"","background-media":"","overlay-type":"","overlay-color":"","overlay-opacity":"","overlay-gradient":""}},"ast-content-background-meta":{"desktop":{"background-color":"var(--ast-global-color-5)","background-image":"","background-repeat":"repeat","background-position":"center center","background-size":"auto","background-attachment":"scroll","background-type":"","background-media":"","overlay-type":"","overlay-color":"","overlay-opacity":"","overlay-gradient":""},"tablet":{"background-color":"var(--ast-global-color-5)","background-image":"","background-repeat":"repeat","background-position":"center center","background-size":"auto","background-attachment":"scroll","background-type":"","background-media":"","overlay-type":"","overlay-color":"","overlay-opacity":"","overlay-gradient":""},"mobile":{"background-color":"var(--ast-global-color-5)","background-image":"","background-repeat":"repeat","background-position":"center center","background-size":"auto","background-attachment":"scroll","background-type":"","background-media":"","overlay-type":"","overlay-color":"","overlay-opacity":"","overlay-gradient":""}},"footnotes":""},"class_list":["post-448","page","type-page","status-publish","hentry"],"_links":{"self":[{"href":"https:\/\/conjuntoshistoricoscaceres.com\/2026\/wp-json\/wp\/v2\/pages\/448","targetHints":{"allow":["GET"]}}],"collection":[{"href":"https:\/\/conjuntoshistoricoscaceres.com\/2026\/wp-json\/wp\/v2\/pages"}],"about":[{"href":"https:\/\/conjuntoshistoricoscaceres.com\/2026\/wp-json\/wp\/v2\/types\/page"}],"author":[{"embeddable":true,"href":"https:\/\/conjuntoshistoricoscaceres.com\/2026\/wp-json\/wp\/v2\/users\/3"}],"replies":[{"embeddable":true,"href":"https:\/\/conjuntoshistoricoscaceres.com\/2026\/wp-json\/wp\/v2\/comments?post=448"}],"version-history":[{"count":55,"href":"https:\/\/conjuntoshistoricoscaceres.com\/2026\/wp-json\/wp\/v2\/pages\/448\/revisions"}],"predecessor-version":[{"id":2281,"href":"https:\/\/conjuntoshistoricoscaceres.com\/2026\/wp-json\/wp\/v2\/pages\/448\/revisions\/2281"}],"wp:attachment":[{"href":"https:\/\/conjuntoshistoricoscaceres.com\/2026\/wp-json\/wp\/v2\/media?parent=448"}],"curies":[{"name":"wp","href":"https:\/\/api.w.org\/{rel}","templated":true}]}}