{"id":3227,"date":"2026-05-12T18:30:41","date_gmt":"2026-05-12T16:30:41","guid":{"rendered":"https:\/\/conjuntoshistoricoscaceres.com\/2026\/?page_id=3227"},"modified":"2026-05-12T23:20:12","modified_gmt":"2026-05-12T21:20:12","slug":"granadilla-17-de-mayo","status":"publish","type":"page","link":"https:\/\/conjuntoshistoricoscaceres.com\/2026\/granadilla-17-de-mayo\/","title":{"rendered":"Granadilla. 17 de mayo"},"content":{"rendered":"\t\t<div data-elementor-type=\"wp-page\" data-elementor-id=\"3227\" class=\"elementor elementor-3227\" data-elementor-post-type=\"page\">\n\t\t\t\t\t\t<section class=\"elementor-section elementor-top-section elementor-element elementor-element-29a19599 elementor-section-boxed elementor-section-height-default elementor-section-height-default\" data-id=\"29a19599\" data-element_type=\"section\" data-e-type=\"section\">\n\t\t\t\t\t\t<div class=\"elementor-container elementor-column-gap-default\">\n\t\t\t\t\t<div class=\"elementor-column elementor-col-100 elementor-top-column elementor-element elementor-element-4e2fb6e3\" data-id=\"4e2fb6e3\" data-element_type=\"column\" data-e-type=\"column\">\n\t\t\t<div class=\"elementor-widget-wrap elementor-element-populated\">\n\t\t\t\t\t\t<div class=\"elementor-element elementor-element-35489a92 elementor-widget elementor-widget-image\" data-id=\"35489a92\" data-element_type=\"widget\" data-e-type=\"widget\" data-widget_type=\"image.default\">\n\t\t\t\t<div class=\"elementor-widget-container\">\n\t\t\t\t\t\t\t\t\t\t\t\t\t\t\t<img fetchpriority=\"high\" decoding=\"async\" width=\"1024\" height=\"1024\" src=\"https:\/\/conjuntoshistoricoscaceres.com\/2026\/wp-content\/uploads\/2026\/05\/Granadilla.-17-mayo-1024x1024.jpg\" class=\"attachment-large size-large wp-image-3060\" alt=\"\" srcset=\"https:\/\/conjuntoshistoricoscaceres.com\/2026\/wp-content\/uploads\/2026\/05\/Granadilla.-17-mayo-1024x1024.jpg 1024w, https:\/\/conjuntoshistoricoscaceres.com\/2026\/wp-content\/uploads\/2026\/05\/Granadilla.-17-mayo-300x300.jpg 300w, https:\/\/conjuntoshistoricoscaceres.com\/2026\/wp-content\/uploads\/2026\/05\/Granadilla.-17-mayo-150x150.jpg 150w, https:\/\/conjuntoshistoricoscaceres.com\/2026\/wp-content\/uploads\/2026\/05\/Granadilla.-17-mayo-768x768.jpg 768w, https:\/\/conjuntoshistoricoscaceres.com\/2026\/wp-content\/uploads\/2026\/05\/Granadilla.-17-mayo.jpg 1080w\" sizes=\"(max-width: 1024px) 100vw, 1024px\" \/>\t\t\t\t\t\t\t\t\t\t\t\t\t\t\t<\/div>\n\t\t\t\t<\/div>\n\t\t\t\t<div class=\"elementor-element elementor-element-66dfdca6 elementor-widget elementor-widget-heading\" data-id=\"66dfdca6\" data-element_type=\"widget\" data-e-type=\"widget\" data-widget_type=\"heading.default\">\n\t\t\t\t<div class=\"elementor-widget-container\">\n\t\t\t\t\t<h1 class=\"elementor-heading-title elementor-size-default\">GRANADILLA<\/h1>\t\t\t\t<\/div>\n\t\t\t\t<\/div>\n\t\t\t\t<div class=\"elementor-element elementor-element-601b2f22 elementor-widget elementor-widget-heading\" data-id=\"601b2f22\" data-element_type=\"widget\" data-e-type=\"widget\" data-widget_type=\"heading.default\">\n\t\t\t\t<div class=\"elementor-widget-container\">\n\t\t\t\t\t<h2 class=\"elementor-heading-title elementor-size-default\">Donde el pasado y el futuro se unen<\/h2>\t\t\t\t<\/div>\n\t\t\t\t<\/div>\n\t\t\t\t<section class=\"elementor-section elementor-inner-section elementor-element elementor-element-60870565 elementor-section-boxed elementor-section-height-default elementor-section-height-default\" data-id=\"60870565\" data-element_type=\"section\" data-e-type=\"section\">\n\t\t\t\t\t\t<div class=\"elementor-container elementor-column-gap-default\">\n\t\t\t\t\t<div class=\"elementor-column elementor-col-100 elementor-inner-column elementor-element elementor-element-151a5645\" data-id=\"151a5645\" data-element_type=\"column\" data-e-type=\"column\">\n\t\t\t<div class=\"elementor-widget-wrap elementor-element-populated\">\n\t\t\t\t\t\t<div class=\"elementor-element elementor-element-5df399c6 elementor-widget elementor-widget-heading\" data-id=\"5df399c6\" data-element_type=\"widget\" data-e-type=\"widget\" data-widget_type=\"heading.default\">\n\t\t\t\t<div class=\"elementor-widget-container\">\n\t\t\t\t\t<h3 class=\"elementor-heading-title elementor-size-default\">Visita guiada + degustaci\u00f3n de cervezas artesanales gamificada<\/h3>\t\t\t\t<\/div>\n\t\t\t\t<\/div>\n\t\t\t\t\t<\/div>\n\t\t<\/div>\n\t\t\t\t\t<\/div>\n\t\t<\/section>\n\t\t\t\t<section class=\"elementor-section elementor-inner-section elementor-element elementor-element-3ceb10ad elementor-section-boxed elementor-section-height-default elementor-section-height-default\" data-id=\"3ceb10ad\" data-element_type=\"section\" data-e-type=\"section\">\n\t\t\t\t\t\t<div class=\"elementor-container elementor-column-gap-extended\">\n\t\t\t\t\t<div class=\"elementor-column elementor-col-100 elementor-inner-column elementor-element elementor-element-69eab539\" data-id=\"69eab539\" data-element_type=\"column\" data-e-type=\"column\">\n\t\t\t<div class=\"elementor-widget-wrap elementor-element-populated\">\n\t\t\t\t\t\t<div class=\"elementor-element elementor-element-352c44a2 elementor-widget elementor-widget-text-editor\" data-id=\"352c44a2\" data-element_type=\"widget\" data-e-type=\"widget\" data-widget_type=\"text-editor.default\">\n\t\t\t\t<div class=\"elementor-widget-container\">\n\t\t\t\t\t\t\t\t\t<p><strong>DESCRIPCI\u00d3N DE LA ACTIVIDAD<\/strong><\/p>\t\t\t\t\t\t\t\t<\/div>\n\t\t\t\t<\/div>\n\t\t\t\t<div class=\"elementor-element elementor-element-209201d4 elementor-widget elementor-widget-text-editor\" data-id=\"209201d4\" data-element_type=\"widget\" data-e-type=\"widget\" data-widget_type=\"text-editor.default\">\n\t\t\t\t<div class=\"elementor-widget-container\">\n\t\t\t\t\t\t\t\t\t<p><i><span style=\"font-weight: 400;\">Nos adentramos en una villa amurallada de origen medieval que conserva una fuerte impronta defensiva. Su recinto fortificado, con el Castillo de Granadilla como elemento dominante, refleja <\/span><\/i><i><span style=\"font-weight: 400;\">su importancia estrat\u00e9gica en el control del territorio. El trazado urbano ordenado, con calles regulares y viviendas tradicionales, responde a su papel como se\u00f1or\u00edo hist\u00f3rico. Su abandono forzoso en el siglo XX ha convertido el conjunto en un espacio excepcional de memoria hist\u00f3rica conservada.<\/span><\/i><\/p><p><span style=\"font-weight: 400;\">La apuesta joven por el emprendimiento alcanza en esta localidad su m\u00e1xima expresi\u00f3n: Un paseo por los restaurantes, cervecer\u00edas, queser\u00edas y licorer\u00edas nos mostrar\u00e1n en empuje juvenil. Finalizaremos con una degustaci\u00f3n gamificada de cerveza artesana local.<\/span><\/p>\t\t\t\t\t\t\t\t<\/div>\n\t\t\t\t<\/div>\n\t\t\t\t<div class=\"elementor-element elementor-element-361e887d elementor-widget elementor-widget-text-editor\" data-id=\"361e887d\" data-element_type=\"widget\" data-e-type=\"widget\" data-widget_type=\"text-editor.default\">\n\t\t\t\t<div class=\"elementor-widget-container\">\n\t\t\t\t\t\t\t\t\t<p><strong style=\"font-style: inherit; color: var( --e-global-color-text ); background-color: var(--ast-global-color-5);\">&nbsp;LOCALIDAD \/ LUGAR DE QUEDADA<\/strong><br>GRANADILLA\/Entrada principal del Conjunto Hist\u00f3rico de Granadilla (Zarza de Granadilla).&nbsp;<\/p>\n<p><strong>FECHA<\/strong><\/p>\n<p>17 de mayo de 2026.<\/p>\n<p><strong>DURACI\u00d3N Y HORARIO<\/strong><br>2 horas y media aproximadamente.<\/p>\n<p>De 17,00 a 19,30 h.<\/p>\n<p><strong>TRANSPORTE<\/strong><\/p>\n<p>Veh\u00edculos propios hasta el punto de encuentro. El resto de desplazamientos a pie.<\/p>\n<p><strong>SE RECOMIENDA<\/strong><\/p>\n<ul>\n<li>Calzado c\u00f3modo para caminar.<\/li>\n<li>Ropa c\u00f3moda&nbsp;<\/li>\n<li><span style=\"font-style: inherit; font-weight: inherit;\">Agua, fruta y frutos secos<\/span><\/li>\n<\/ul>\n<p><b>Qu\u00e9 incluye:<\/b><\/p>\n<ul>\n<li style=\"font-weight: 400;\" aria-level=\"1\"><i><span style=\"font-weight: 400;\">Visita guiada al conjunto hist\u00f3rico de Granadilla.<\/span><\/i><\/li>\n<li style=\"font-weight: 400;\" aria-level=\"1\"><font face=\"Times New Roman, serif\"><span style=\"font-size: 16px;\"><i>Degustaci\u00f3n de cervezas artesanales gamificada.<\/i><\/span><\/font><\/li>\n<li style=\"font-weight: 400;\" aria-level=\"1\"><i><i><span style=\"font-weight: 400;\">Incluye todos los materiales para el correcto desarrollo de la misma.<\/span><\/i><\/i><\/li>\n<\/ul>\n<p><b style=\"font-style: inherit;\"><i>Empresas y entidades participantes en la actividad:<\/i><\/b><\/p>\n<ul>\n<li><i>Ambroven.<\/i><\/li>\n<li><i><span style=\"font-weight: 400;\">L\u00e9gola, Servicios Tur\u00edsticos, Tiempo Libre y Formaci\u00f3n S.L.<\/span><\/i><\/li>\n<\/ul>\t\t\t\t\t\t\t\t<\/div>\n\t\t\t\t<\/div>\n\t\t\t\t\t<\/div>\n\t\t<\/div>\n\t\t\t\t\t<\/div>\n\t\t<\/section>\n\t\t\t\t<div class=\"elementor-element elementor-element-9dcdd63 elementor-align-center elementor-widget elementor-widget-button\" data-id=\"9dcdd63\" data-element_type=\"widget\" data-e-type=\"widget\" data-settings=\"{&quot;motion_fx_motion_fx_mouse&quot;:&quot;yes&quot;,&quot;_animation_mobile&quot;:&quot;bounceIn&quot;}\" data-widget_type=\"button.default\">\n\t\t\t\t<div class=\"elementor-widget-container\">\n\t\t\t\t\t\t\t\t\t<div class=\"elementor-button-wrapper\">\n\t\t\t\t\t<a class=\"elementor-button elementor-button-link elementor-size-lg\" href=\"https:\/\/forms.gle\/CeJ5MLA8otpJryQx5\" target=\"_blank\">\n\t\t\t\t\t\t<span class=\"elementor-button-content-wrapper\">\n\t\t\t\t\t\t\t\t\t<span class=\"elementor-button-text\">INSCRIPCI\u00d3N A ESTA ACTIVIDAD<\/span>\n\t\t\t\t\t<\/span>\n\t\t\t\t\t<\/a>\n\t\t\t\t<\/div>\n\t\t\t\t\t\t\t\t<\/div>\n\t\t\t\t<\/div>\n\t\t\t\t<div class=\"elementor-element elementor-element-603c305d elementor-widget-divider--view-line elementor-widget elementor-widget-divider\" data-id=\"603c305d\" data-element_type=\"widget\" data-e-type=\"widget\" data-widget_type=\"divider.default\">\n\t\t\t\t<div class=\"elementor-widget-container\">\n\t\t\t\t\t\t\t<div class=\"elementor-divider\">\n\t\t\t<span class=\"elementor-divider-separator\">\n\t\t\t\t\t\t<\/span>\n\t\t<\/div>\n\t\t\t\t\t\t<\/div>\n\t\t\t\t<\/div>\n\t\t\t\t\t<\/div>\n\t\t<\/div>\n\t\t\t\t\t<\/div>\n\t\t<\/section>\n\t\t\t\t<section class=\"elementor-section elementor-top-section elementor-element elementor-element-f833edb elementor-section-boxed elementor-section-height-default elementor-section-height-default\" data-id=\"f833edb\" data-element_type=\"section\" data-e-type=\"section\">\n\t\t\t\t\t\t<div class=\"elementor-container elementor-column-gap-default\">\n\t\t\t\t\t<div class=\"elementor-column elementor-col-100 elementor-top-column elementor-element elementor-element-f3537e8\" data-id=\"f3537e8\" data-element_type=\"column\" data-e-type=\"column\">\n\t\t\t<div class=\"elementor-widget-wrap elementor-element-populated\">\n\t\t\t\t\t\t<div class=\"elementor-element elementor-element-60d1d71 elementor-widget elementor-widget-heading\" data-id=\"60d1d71\" data-element_type=\"widget\" data-e-type=\"widget\" data-widget_type=\"heading.default\">\n\t\t\t\t<div class=\"elementor-widget-container\">\n\t\t\t\t\t<h2 class=\"elementor-heading-title elementor-size-default\">La confirmaci\u00f3n de las inscripciones se recibir\u00e1 por correo electr\u00f3nico, rogamos confirme su bandeja de correo no deseado o spam. <\/h2>\t\t\t\t<\/div>\n\t\t\t\t<\/div>\n\t\t\t\t\t<\/div>\n\t\t<\/div>\n\t\t\t\t\t<\/div>\n\t\t<\/section>\n\t\t\t\t<section class=\"elementor-section elementor-top-section elementor-element elementor-element-50a7351 elementor-section-boxed elementor-section-height-default elementor-section-height-default\" data-id=\"50a7351\" data-element_type=\"section\" data-e-type=\"section\" data-settings=\"{&quot;background_background&quot;:&quot;gradient&quot;}\">\n\t\t\t\t\t\t<div class=\"elementor-container elementor-column-gap-default\">\n\t\t\t\t\t<div class=\"elementor-column elementor-col-100 elementor-top-column elementor-element elementor-element-95c4c09\" data-id=\"95c4c09\" data-element_type=\"column\" data-e-type=\"column\">\n\t\t\t<div class=\"elementor-widget-wrap elementor-element-populated\">\n\t\t\t\t\t\t<div class=\"elementor-element elementor-element-13f6c7a elementor-widget elementor-widget-heading\" data-id=\"13f6c7a\" data-element_type=\"widget\" data-e-type=\"widget\" data-widget_type=\"heading.default\">\n\t\t\t\t<div class=\"elementor-widget-container\">\n\t\t\t\t\t<h3 class=\"elementor-heading-title elementor-size-default\">Recuerda<\/h3>\t\t\t\t<\/div>\n\t\t\t\t<\/div>\n\t\t\t\t<div class=\"elementor-element elementor-element-766f19e elementor-widget elementor-widget-global elementor-global-2140 elementor-widget-text-editor\" data-id=\"766f19e\" data-element_type=\"widget\" data-e-type=\"widget\" data-widget_type=\"text-editor.default\">\n\t\t\t\t<div class=\"elementor-widget-container\">\n\t\t\t\t\t\t\t\t\t<p style=\"text-align: center;\">Las inscripciones recibidas antes de la apertura de los plazos establecidos ser\u00e1n eliminadas.<br>El m\u00e1ximo de participaci\u00f3n es de 2 actividades por persona en todo el programa.<br>No pueden inscribirse m\u00e1s de 4 participantes por formulario de inscripci\u00f3n y actividad exceptuando las familias numerosas<span style=\"font-style: inherit; font-weight: inherit; background-color: transparent;\">.&nbsp;<\/span><span style=\"background-color: transparent; font-style: inherit; font-weight: inherit;\">La no presentaci\u00f3n en una actividad adjudicada, supone la eliminaci\u00f3n del resto de actividades donde estuviese seleccionado\/a.<\/span><\/p><p style=\"text-align: center;\">Las inscripciones que incumplan los requisitos establecidos ser\u00e1n eliminadas autom\u00e1ticamente de la base de datos.<\/p>\t\t\t\t\t\t\t\t<\/div>\n\t\t\t\t<\/div>\n\t\t\t\t\t<\/div>\n\t\t<\/div>\n\t\t\t\t\t<\/div>\n\t\t<\/section>\n\t\t\t\t<\/div>\n\t\t","protected":false},"excerpt":{"rendered":"<p>GRANADILLA Donde el pasado y el futuro se unen Visita guiada + degustaci\u00f3n de cervezas artesanales gamificada DESCRIPCI\u00d3N DE LA ACTIVIDAD Nos adentramos en una villa amurallada de origen medieval que conserva una fuerte impronta defensiva. Su recinto fortificado, con el Castillo de Granadilla como elemento dominante, refleja su importancia estrat\u00e9gica en el control del [&hellip;]<\/p>\n","protected":false},"author":5,"featured_media":0,"parent":0,"menu_order":0,"comment_status":"closed","ping_status":"closed","template":"elementor_canvas","meta":{"site-sidebar-layout":"no-sidebar","site-content-layout":"page-builder","ast-site-content-layout":"","site-content-style":"default","site-sidebar-style":"default","ast-global-header-display":"","ast-banner-title-visibility":"","ast-main-header-display":"","ast-hfb-above-header-display":"","ast-hfb-below-header-display":"","ast-hfb-mobile-header-display":"","site-post-title":"disabled","ast-breadcrumbs-content":"","ast-featured-img":"disabled","footer-sml-layout":"","theme-transparent-header-meta":"","adv-header-id-meta":"","stick-header-meta":"","header-above-stick-meta":"","header-main-stick-meta":"","header-below-stick-meta":"","astra-migrate-meta-layouts":"default","ast-page-background-enabled":"default","ast-page-background-meta":{"desktop":{"background-color":"var(--ast-global-color-4)","background-image":"","background-repeat":"repeat","background-position":"center center","background-size":"auto","background-attachment":"scroll","background-type":"","background-media":"","overlay-type":"","overlay-color":"","overlay-opacity":"","overlay-gradient":""},"tablet":{"background-color":"","background-image":"","background-repeat":"repeat","background-position":"center center","background-size":"auto","background-attachment":"scroll","background-type":"","background-media":"","overlay-type":"","overlay-color":"","overlay-opacity":"","overlay-gradient":""},"mobile":{"background-color":"","background-image":"","background-repeat":"repeat","background-position":"center center","background-size":"auto","background-attachment":"scroll","background-type":"","background-media":"","overlay-type":"","overlay-color":"","overlay-opacity":"","overlay-gradient":""}},"ast-content-background-meta":{"desktop":{"background-color":"var(--ast-global-color-5)","background-image":"","background-repeat":"repeat","background-position":"center center","background-size":"auto","background-attachment":"scroll","background-type":"","background-media":"","overlay-type":"","overlay-color":"","overlay-opacity":"","overlay-gradient":""},"tablet":{"background-color":"var(--ast-global-color-5)","background-image":"","background-repeat":"repeat","background-position":"center center","background-size":"auto","background-attachment":"scroll","background-type":"","background-media":"","overlay-type":"","overlay-color":"","overlay-opacity":"","overlay-gradient":""},"mobile":{"background-color":"var(--ast-global-color-5)","background-image":"","background-repeat":"repeat","background-position":"center center","background-size":"auto","background-attachment":"scroll","background-type":"","background-media":"","overlay-type":"","overlay-color":"","overlay-opacity":"","overlay-gradient":""}},"footnotes":""},"class_list":["post-3227","page","type-page","status-publish","hentry"],"_links":{"self":[{"href":"https:\/\/conjuntoshistoricoscaceres.com\/2026\/wp-json\/wp\/v2\/pages\/3227","targetHints":{"allow":["GET"]}}],"collection":[{"href":"https:\/\/conjuntoshistoricoscaceres.com\/2026\/wp-json\/wp\/v2\/pages"}],"about":[{"href":"https:\/\/conjuntoshistoricoscaceres.com\/2026\/wp-json\/wp\/v2\/types\/page"}],"author":[{"embeddable":true,"href":"https:\/\/conjuntoshistoricoscaceres.com\/2026\/wp-json\/wp\/v2\/users\/5"}],"replies":[{"embeddable":true,"href":"https:\/\/conjuntoshistoricoscaceres.com\/2026\/wp-json\/wp\/v2\/comments?post=3227"}],"version-history":[{"count":7,"href":"https:\/\/conjuntoshistoricoscaceres.com\/2026\/wp-json\/wp\/v2\/pages\/3227\/revisions"}],"predecessor-version":[{"id":3492,"href":"https:\/\/conjuntoshistoricoscaceres.com\/2026\/wp-json\/wp\/v2\/pages\/3227\/revisions\/3492"}],"wp:attachment":[{"href":"https:\/\/conjuntoshistoricoscaceres.com\/2026\/wp-json\/wp\/v2\/media?parent=3227"}],"curies":[{"name":"wp","href":"https:\/\/api.w.org\/{rel}","templated":true}]}}